{"id":1017,"date":"2017-10-12T13:51:02","date_gmt":"2017-10-12T11:51:02","guid":{"rendered":"http:\/\/zahnarzt-bonn.de\/?page_id=1017"},"modified":"2017-10-12T13:51:02","modified_gmt":"2017-10-12T11:51:02","slug":"clenching-and-grinding","status":"publish","type":"page","link":"https:\/\/zahnarzt-bonn.de\/en\/services\/clenching-and-grinding\/","title":{"rendered":"No need to clench and grind"},"content":{"rendered":"<div class=\"wpb-content-wrapper\"><p>[vc_row][vc_column width=&#8221;1\/4&#8243;][vc_wp_custommenu nav_menu=&#8221;3&#8243;][\/vc_column][vc_column width=&#8221;3\/4&#8243;][vc_row_inner][vc_column_inner width=&#8221;1\/2&#8243;][vc_column_text]Clenching and grinding the teeth together is a common problem. Just like some people may scream, this is one of the body\u2019s stress-relief methods. It often goes unnoticed by the patient. Patients often have the feeling that their bite is not true; they may notice chipped or sensitive teeth or receding gums.\u2028Furthermore, patients frequently complain of tension, dizziness, sleeping problems and earache, amongst other symptoms.\u00a0But we have treatment options for this problem. We are happy to advise you in a personal consultation.[\/vc_column_text][\/vc_column_inner][vc_column_inner width=&#8221;1\/2&#8243;][\/vc_column_inner][\/vc_row_inner][\/vc_column][\/vc_row]<\/p>\n<\/div>","protected":false},"excerpt":{"rendered":"<p>[vc_row][vc_column width=&#8221;1\/4&#8243;][vc_wp_custommenu nav_menu=&#8221;3&#8243;][\/vc_column][vc_column width=&#8221;3\/4&#8243;][vc_row_inner][vc_column_inner width=&#8221;1\/2&#8243;][vc_column_text]Clenching and grinding the teeth together is a common problem. Just <a href=\"https:\/\/zahnarzt-bonn.de\/en\/services\/clenching-and-grinding\/\">Read more<\/a><\/p>\n","protected":false},"author":5,"featured_media":1240,"parent":958,"menu_order":0,"comment_status":"closed","ping_status":"closed","template":"template-full-width.php","meta":{"inline_featured_image":false,"footnotes":""},"class_list":["post-1017","page","type-page","status-publish","has-post-thumbnail","hentry"],"yoast_head":"<!-- This site is optimized with the Yoast SEO plugin v26.7 - https:\/\/yoast.com\/wordpress\/plugins\/seo\/ -->\n<title>No need to clench and grind - Zahnarzt Bonn<\/title>\n<meta name=\"description\" content=\"Das Knirschen und Pressen mit den Z\u00e4hnen ist ein weit verbreitetes Problem und h\u00e4ufig ein Indiz daf\u00fcr, dass der K\u00f6rper versucht, Stress abzubauen.\" \/>\n<meta name=\"robots\" content=\"index, follow, max-snippet:-1, max-image-preview:large, max-video-preview:-1\" \/>\n<link rel=\"canonical\" href=\"https:\/\/zahnarzt-bonn.de\/en\/services\/clenching-and-grinding\/\" \/>\n<meta property=\"og:locale\" content=\"en_US\" \/>\n<meta property=\"og:type\" content=\"article\" \/>\n<meta property=\"og:title\" content=\"No need to clench and grind - Zahnarzt Bonn\" \/>\n<meta property=\"og:description\" content=\"Das Knirschen und Pressen mit den Z\u00e4hnen ist ein weit verbreitetes Problem und h\u00e4ufig ein Indiz daf\u00fcr, dass der K\u00f6rper versucht, Stress abzubauen.\" \/>\n<meta property=\"og:url\" content=\"https:\/\/zahnarzt-bonn.de\/en\/services\/clenching-and-grinding\/\" \/>\n<meta property=\"og:site_name\" content=\"Zahnarzt Bonn\" \/>\n<meta property=\"og:image\" content=\"https:\/\/zahnarzt-bonn.de\/wp-content\/uploads\/C.-Honkomp.jpg\" \/>\n\t<meta property=\"og:image:width\" content=\"1200\" \/>\n\t<meta property=\"og:image:height\" content=\"795\" \/>\n\t<meta property=\"og:image:type\" content=\"image\/jpeg\" \/>\n<meta name=\"twitter:label1\" content=\"Est. reading time\" \/>\n\t<meta name=\"twitter:data1\" content=\"1 minute\" \/>\n<script type=\"application\/ld+json\" class=\"yoast-schema-graph\">{\"@context\":\"https:\/\/schema.org\",\"@graph\":[{\"@type\":\"WebPage\",\"@id\":\"https:\/\/zahnarzt-bonn.de\/en\/services\/clenching-and-grinding\/\",\"url\":\"https:\/\/zahnarzt-bonn.de\/en\/services\/clenching-and-grinding\/\",\"name\":\"No need to clench and grind - Zahnarzt Bonn\",\"isPartOf\":{\"@id\":\"https:\/\/www.zahnarzt-bonn.de\/#website\"},\"primaryImageOfPage\":{\"@id\":\"https:\/\/zahnarzt-bonn.de\/en\/services\/clenching-and-grinding\/#primaryimage\"},\"image\":{\"@id\":\"https:\/\/zahnarzt-bonn.de\/en\/services\/clenching-and-grinding\/#primaryimage\"},\"thumbnailUrl\":\"https:\/\/zahnarzt-bonn.de\/wp-content\/uploads\/C.-Honkomp.jpg\",\"datePublished\":\"2017-10-12T11:51:02+00:00\",\"description\":\"Das Knirschen und Pressen mit den Z\u00e4hnen ist ein weit verbreitetes Problem und h\u00e4ufig ein Indiz daf\u00fcr, dass der K\u00f6rper versucht, Stress abzubauen.\",\"breadcrumb\":{\"@id\":\"https:\/\/zahnarzt-bonn.de\/en\/services\/clenching-and-grinding\/#breadcrumb\"},\"inLanguage\":\"en-US\",\"potentialAction\":[{\"@type\":\"ReadAction\",\"target\":[\"https:\/\/zahnarzt-bonn.de\/en\/services\/clenching-and-grinding\/\"]}]},{\"@type\":\"ImageObject\",\"inLanguage\":\"en-US\",\"@id\":\"https:\/\/zahnarzt-bonn.de\/en\/services\/clenching-and-grinding\/#primaryimage\",\"url\":\"https:\/\/zahnarzt-bonn.de\/wp-content\/uploads\/C.-Honkomp.jpg\",\"contentUrl\":\"https:\/\/zahnarzt-bonn.de\/wp-content\/uploads\/C.-Honkomp.jpg\",\"width\":1200,\"height\":795},{\"@type\":\"BreadcrumbList\",\"@id\":\"https:\/\/zahnarzt-bonn.de\/en\/services\/clenching-and-grinding\/#breadcrumb\",\"itemListElement\":[{\"@type\":\"ListItem\",\"position\":1,\"name\":\"Services\",\"item\":\"https:\/\/www.zahnarzt-bonn.de\/en\/services\/\"},{\"@type\":\"ListItem\",\"position\":2,\"name\":\"No need to clench and grind\"}]},{\"@type\":\"WebSite\",\"@id\":\"https:\/\/www.zahnarzt-bonn.de\/#website\",\"url\":\"https:\/\/www.zahnarzt-bonn.de\/\",\"name\":\"Zahnarzt Bonn\",\"description\":\"Die Praxis am Posttower\",\"potentialAction\":[{\"@type\":\"SearchAction\",\"target\":{\"@type\":\"EntryPoint\",\"urlTemplate\":\"https:\/\/www.zahnarzt-bonn.de\/?s={search_term_string}\"},\"query-input\":{\"@type\":\"PropertyValueSpecification\",\"valueRequired\":true,\"valueName\":\"search_term_string\"}}],\"inLanguage\":\"en-US\"}]}<\/script>\n<!-- \/ Yoast SEO plugin. -->","yoast_head_json":{"title":"No need to clench and grind - Zahnarzt Bonn","description":"Das Knirschen und Pressen mit den Z\u00e4hnen ist ein weit verbreitetes Problem und h\u00e4ufig ein Indiz daf\u00fcr, dass der K\u00f6rper versucht, Stress abzubauen.","robots":{"index":"index","follow":"follow","max-snippet":"max-snippet:-1","max-image-preview":"max-image-preview:large","max-video-preview":"max-video-preview:-1"},"canonical":"https:\/\/zahnarzt-bonn.de\/en\/services\/clenching-and-grinding\/","og_locale":"en_US","og_type":"article","og_title":"No need to clench and grind - Zahnarzt Bonn","og_description":"Das Knirschen und Pressen mit den Z\u00e4hnen ist ein weit verbreitetes Problem und h\u00e4ufig ein Indiz daf\u00fcr, dass der K\u00f6rper versucht, Stress abzubauen.","og_url":"https:\/\/zahnarzt-bonn.de\/en\/services\/clenching-and-grinding\/","og_site_name":"Zahnarzt Bonn","og_image":[{"width":1200,"height":795,"url":"https:\/\/zahnarzt-bonn.de\/wp-content\/uploads\/C.-Honkomp.jpg","type":"image\/jpeg"}],"twitter_misc":{"Est. reading time":"1 minute"},"schema":{"@context":"https:\/\/schema.org","@graph":[{"@type":"WebPage","@id":"https:\/\/zahnarzt-bonn.de\/en\/services\/clenching-and-grinding\/","url":"https:\/\/zahnarzt-bonn.de\/en\/services\/clenching-and-grinding\/","name":"No need to clench and grind - Zahnarzt Bonn","isPartOf":{"@id":"https:\/\/www.zahnarzt-bonn.de\/#website"},"primaryImageOfPage":{"@id":"https:\/\/zahnarzt-bonn.de\/en\/services\/clenching-and-grinding\/#primaryimage"},"image":{"@id":"https:\/\/zahnarzt-bonn.de\/en\/services\/clenching-and-grinding\/#primaryimage"},"thumbnailUrl":"https:\/\/zahnarzt-bonn.de\/wp-content\/uploads\/C.-Honkomp.jpg","datePublished":"2017-10-12T11:51:02+00:00","description":"Das Knirschen und Pressen mit den Z\u00e4hnen ist ein weit verbreitetes Problem und h\u00e4ufig ein Indiz daf\u00fcr, dass der K\u00f6rper versucht, Stress abzubauen.","breadcrumb":{"@id":"https:\/\/zahnarzt-bonn.de\/en\/services\/clenching-and-grinding\/#breadcrumb"},"inLanguage":"en-US","potentialAction":[{"@type":"ReadAction","target":["https:\/\/zahnarzt-bonn.de\/en\/services\/clenching-and-grinding\/"]}]},{"@type":"ImageObject","inLanguage":"en-US","@id":"https:\/\/zahnarzt-bonn.de\/en\/services\/clenching-and-grinding\/#primaryimage","url":"https:\/\/zahnarzt-bonn.de\/wp-content\/uploads\/C.-Honkomp.jpg","contentUrl":"https:\/\/zahnarzt-bonn.de\/wp-content\/uploads\/C.-Honkomp.jpg","width":1200,"height":795},{"@type":"BreadcrumbList","@id":"https:\/\/zahnarzt-bonn.de\/en\/services\/clenching-and-grinding\/#breadcrumb","itemListElement":[{"@type":"ListItem","position":1,"name":"Services","item":"https:\/\/www.zahnarzt-bonn.de\/en\/services\/"},{"@type":"ListItem","position":2,"name":"No need to clench and grind"}]},{"@type":"WebSite","@id":"https:\/\/www.zahnarzt-bonn.de\/#website","url":"https:\/\/www.zahnarzt-bonn.de\/","name":"Zahnarzt Bonn","description":"Die Praxis am Posttower","potentialAction":[{"@type":"SearchAction","target":{"@type":"EntryPoint","urlTemplate":"https:\/\/www.zahnarzt-bonn.de\/?s={search_term_string}"},"query-input":{"@type":"PropertyValueSpecification","valueRequired":true,"valueName":"search_term_string"}}],"inLanguage":"en-US"}]}},"_links":{"self":[{"href":"https:\/\/zahnarzt-bonn.de\/en\/wp-json\/wp\/v2\/pages\/1017","targetHints":{"allow":["GET"]}}],"collection":[{"href":"https:\/\/zahnarzt-bonn.de\/en\/wp-json\/wp\/v2\/pages"}],"about":[{"href":"https:\/\/zahnarzt-bonn.de\/en\/wp-json\/wp\/v2\/types\/page"}],"author":[{"embeddable":true,"href":"https:\/\/zahnarzt-bonn.de\/en\/wp-json\/wp\/v2\/users\/5"}],"replies":[{"embeddable":true,"href":"https:\/\/zahnarzt-bonn.de\/en\/wp-json\/wp\/v2\/comments?post=1017"}],"version-history":[{"count":4,"href":"https:\/\/zahnarzt-bonn.de\/en\/wp-json\/wp\/v2\/pages\/1017\/revisions"}],"predecessor-version":[{"id":1346,"href":"https:\/\/zahnarzt-bonn.de\/en\/wp-json\/wp\/v2\/pages\/1017\/revisions\/1346"}],"up":[{"embeddable":true,"href":"https:\/\/zahnarzt-bonn.de\/en\/wp-json\/wp\/v2\/pages\/958"}],"wp:featuredmedia":[{"embeddable":true,"href":"https:\/\/zahnarzt-bonn.de\/en\/wp-json\/wp\/v2\/media\/1240"}],"wp:attachment":[{"href":"https:\/\/zahnarzt-bonn.de\/en\/wp-json\/wp\/v2\/media?parent=1017"}],"curies":[{"name":"wp","href":"https:\/\/api.w.org\/{rel}","templated":true}]}}