{"id":1050,"date":"2017-10-12T13:49:25","date_gmt":"2017-10-12T11:49:25","guid":{"rendered":"http:\/\/www.zahnarzt-bonn.de\/?page_id=1050"},"modified":"2017-10-12T13:49:26","modified_gmt":"2017-10-12T11:49:26","slug":"periodontology","status":"publish","type":"page","link":"https:\/\/zahnarzt-bonn.de\/en\/services\/periodontology\/","title":{"rendered":"Periodontology"},"content":{"rendered":"<div class=\"wpb-content-wrapper\"><p>[vc_row][vc_column width=&#8221;1\/4&#8243;][vc_wp_custommenu nav_menu=&#8221;3&#8243;][\/vc_column][vc_column width=&#8221;3\/4&#8243;][vc_row_inner][vc_column_inner width=&#8221;1\/2&#8243;][vc_column_text]<\/p>\n<h3>Periodontology: Periodontal disease and other related disorders.<\/h3>\n<p>Periodontology deals with diseases of the periodontium (gums) and in particular the prevention of such diseases.\u2028Next to tooth decay, periodontal disease is the most common disease in the oral cavity, and the main cause of tooth loss in the over 35s.\u2028Approximately 80% of the population is affected by periodontal disease. The consequences are bleeding gums, <a href=\"\/en\/services\/bad-breath\">bad breath<\/a>, loosening of the teeth and ultimately tooth loss.\u2028Periodontal disease germs can also be the cause of general medical diseases such as heart disease, arteriosclerosis and even premature births.\u2028An individual prophylaxis (dental hygiene) programme ensures the success of treatment and prevents the recurrence of periodontal disease. Arrange an <a href=\"\/en\/contact\">Z<\/a> with us today.[\/vc_column_text][\/vc_column_inner][vc_column_inner width=&#8221;1\/2&#8243;][\/vc_column_inner][\/vc_row_inner][\/vc_column][\/vc_row]<\/p>\n<\/div>","protected":false},"excerpt":{"rendered":"<p>[vc_row][vc_column width=&#8221;1\/4&#8243;][vc_wp_custommenu nav_menu=&#8221;3&#8243;][\/vc_column][vc_column width=&#8221;3\/4&#8243;][vc_row_inner][vc_column_inner width=&#8221;1\/2&#8243;][vc_column_text] Periodontology: Periodontal disease and other related disorders. Periodontology deals with <a href=\"https:\/\/zahnarzt-bonn.de\/en\/services\/periodontology\/\">Read more<\/a><\/p>\n","protected":false},"author":5,"featured_media":1240,"parent":958,"menu_order":0,"comment_status":"closed","ping_status":"closed","template":"template-full-width.php","meta":{"inline_featured_image":false,"footnotes":""},"class_list":["post-1050","page","type-page","status-publish","has-post-thumbnail","hentry"],"yoast_head":"<!-- This site is optimized with the Yoast SEO plugin v26.7 - https:\/\/yoast.com\/wordpress\/plugins\/seo\/ -->\n<title>Periodontology - Zahnarzt Bonn<\/title>\n<meta name=\"description\" content=\"Die Parodontologie: Parodontitis ist neben Karies die h\u00e4ufigste Erkrankung in der Mundh\u00f6hle und die Hauptursache f\u00fcr Zahnverlust ab dem 35. Lebensjahr.\" \/>\n<meta name=\"robots\" content=\"index, follow, max-snippet:-1, max-image-preview:large, max-video-preview:-1\" \/>\n<link rel=\"canonical\" href=\"https:\/\/www.zahnarzt-bonn.de.w011e871.kasserver.com\/en\/services\/periodontology\/\" \/>\n<meta property=\"og:locale\" content=\"en_US\" \/>\n<meta property=\"og:type\" content=\"article\" \/>\n<meta property=\"og:title\" content=\"Periodontology - Zahnarzt Bonn\" \/>\n<meta property=\"og:description\" content=\"Die Parodontologie: Parodontitis ist neben Karies die h\u00e4ufigste Erkrankung in der Mundh\u00f6hle und die Hauptursache f\u00fcr Zahnverlust ab dem 35. Lebensjahr.\" \/>\n<meta property=\"og:url\" content=\"https:\/\/www.zahnarzt-bonn.de.w011e871.kasserver.com\/en\/services\/periodontology\/\" \/>\n<meta property=\"og:site_name\" content=\"Zahnarzt Bonn\" \/>\n<meta property=\"article:modified_time\" content=\"2017-10-12T11:49:26+00:00\" \/>\n<meta property=\"og:image\" content=\"https:\/\/www.zahnarzt-bonn.de.w011e871.kasserver.com\/wp-content\/uploads\/C.-Honkomp.jpg\" \/>\n\t<meta property=\"og:image:width\" content=\"1200\" \/>\n\t<meta property=\"og:image:height\" content=\"795\" \/>\n\t<meta property=\"og:image:type\" content=\"image\/jpeg\" \/>\n<meta name=\"twitter:label1\" content=\"Est. reading time\" \/>\n\t<meta name=\"twitter:data1\" content=\"1 minute\" \/>\n<script type=\"application\/ld+json\" class=\"yoast-schema-graph\">{\"@context\":\"https:\/\/schema.org\",\"@graph\":[{\"@type\":\"WebPage\",\"@id\":\"https:\/\/www.zahnarzt-bonn.de.w011e871.kasserver.com\/en\/services\/periodontology\/\",\"url\":\"https:\/\/www.zahnarzt-bonn.de.w011e871.kasserver.com\/en\/services\/periodontology\/\",\"name\":\"Periodontology - Zahnarzt Bonn\",\"isPartOf\":{\"@id\":\"https:\/\/zahnarzt-bonn.de\/#website\"},\"primaryImageOfPage\":{\"@id\":\"https:\/\/www.zahnarzt-bonn.de.w011e871.kasserver.com\/en\/services\/periodontology\/#primaryimage\"},\"image\":{\"@id\":\"https:\/\/www.zahnarzt-bonn.de.w011e871.kasserver.com\/en\/services\/periodontology\/#primaryimage\"},\"thumbnailUrl\":\"https:\/\/zahnarzt-bonn.de\/wp-content\/uploads\/C.-Honkomp.jpg\",\"datePublished\":\"2017-10-12T11:49:25+00:00\",\"dateModified\":\"2017-10-12T11:49:26+00:00\",\"description\":\"Die Parodontologie: Parodontitis ist neben Karies die h\u00e4ufigste Erkrankung in der Mundh\u00f6hle und die Hauptursache f\u00fcr Zahnverlust ab dem 35. Lebensjahr.\",\"breadcrumb\":{\"@id\":\"https:\/\/www.zahnarzt-bonn.de.w011e871.kasserver.com\/en\/services\/periodontology\/#breadcrumb\"},\"inLanguage\":\"en-US\",\"potentialAction\":[{\"@type\":\"ReadAction\",\"target\":[\"https:\/\/www.zahnarzt-bonn.de.w011e871.kasserver.com\/en\/services\/periodontology\/\"]}]},{\"@type\":\"ImageObject\",\"inLanguage\":\"en-US\",\"@id\":\"https:\/\/www.zahnarzt-bonn.de.w011e871.kasserver.com\/en\/services\/periodontology\/#primaryimage\",\"url\":\"https:\/\/zahnarzt-bonn.de\/wp-content\/uploads\/C.-Honkomp.jpg\",\"contentUrl\":\"https:\/\/zahnarzt-bonn.de\/wp-content\/uploads\/C.-Honkomp.jpg\",\"width\":1200,\"height\":795},{\"@type\":\"BreadcrumbList\",\"@id\":\"https:\/\/www.zahnarzt-bonn.de.w011e871.kasserver.com\/en\/services\/periodontology\/#breadcrumb\",\"itemListElement\":[{\"@type\":\"ListItem\",\"position\":1,\"name\":\"Services\",\"item\":\"https:\/\/www.zahnarzt-bonn.de\/en\/services\/\"},{\"@type\":\"ListItem\",\"position\":2,\"name\":\"Periodontology\"}]},{\"@type\":\"WebSite\",\"@id\":\"https:\/\/zahnarzt-bonn.de\/#website\",\"url\":\"https:\/\/zahnarzt-bonn.de\/\",\"name\":\"Zahnarzt Bonn\",\"description\":\"Die Praxis am Posttower\",\"potentialAction\":[{\"@type\":\"SearchAction\",\"target\":{\"@type\":\"EntryPoint\",\"urlTemplate\":\"https:\/\/zahnarzt-bonn.de\/?s={search_term_string}\"},\"query-input\":{\"@type\":\"PropertyValueSpecification\",\"valueRequired\":true,\"valueName\":\"search_term_string\"}}],\"inLanguage\":\"en-US\"}]}<\/script>\n<!-- \/ Yoast SEO plugin. -->","yoast_head_json":{"title":"Periodontology - Zahnarzt Bonn","description":"Die Parodontologie: Parodontitis ist neben Karies die h\u00e4ufigste Erkrankung in der Mundh\u00f6hle und die Hauptursache f\u00fcr Zahnverlust ab dem 35. Lebensjahr.","robots":{"index":"index","follow":"follow","max-snippet":"max-snippet:-1","max-image-preview":"max-image-preview:large","max-video-preview":"max-video-preview:-1"},"canonical":"https:\/\/www.zahnarzt-bonn.de.w011e871.kasserver.com\/en\/services\/periodontology\/","og_locale":"en_US","og_type":"article","og_title":"Periodontology - Zahnarzt Bonn","og_description":"Die Parodontologie: Parodontitis ist neben Karies die h\u00e4ufigste Erkrankung in der Mundh\u00f6hle und die Hauptursache f\u00fcr Zahnverlust ab dem 35. Lebensjahr.","og_url":"https:\/\/www.zahnarzt-bonn.de.w011e871.kasserver.com\/en\/services\/periodontology\/","og_site_name":"Zahnarzt Bonn","article_modified_time":"2017-10-12T11:49:26+00:00","og_image":[{"width":1200,"height":795,"url":"https:\/\/www.zahnarzt-bonn.de.w011e871.kasserver.com\/wp-content\/uploads\/C.-Honkomp.jpg","type":"image\/jpeg"}],"twitter_misc":{"Est. reading time":"1 minute"},"schema":{"@context":"https:\/\/schema.org","@graph":[{"@type":"WebPage","@id":"https:\/\/www.zahnarzt-bonn.de.w011e871.kasserver.com\/en\/services\/periodontology\/","url":"https:\/\/www.zahnarzt-bonn.de.w011e871.kasserver.com\/en\/services\/periodontology\/","name":"Periodontology - Zahnarzt Bonn","isPartOf":{"@id":"https:\/\/zahnarzt-bonn.de\/#website"},"primaryImageOfPage":{"@id":"https:\/\/www.zahnarzt-bonn.de.w011e871.kasserver.com\/en\/services\/periodontology\/#primaryimage"},"image":{"@id":"https:\/\/www.zahnarzt-bonn.de.w011e871.kasserver.com\/en\/services\/periodontology\/#primaryimage"},"thumbnailUrl":"https:\/\/zahnarzt-bonn.de\/wp-content\/uploads\/C.-Honkomp.jpg","datePublished":"2017-10-12T11:49:25+00:00","dateModified":"2017-10-12T11:49:26+00:00","description":"Die Parodontologie: Parodontitis ist neben Karies die h\u00e4ufigste Erkrankung in der Mundh\u00f6hle und die Hauptursache f\u00fcr Zahnverlust ab dem 35. Lebensjahr.","breadcrumb":{"@id":"https:\/\/www.zahnarzt-bonn.de.w011e871.kasserver.com\/en\/services\/periodontology\/#breadcrumb"},"inLanguage":"en-US","potentialAction":[{"@type":"ReadAction","target":["https:\/\/www.zahnarzt-bonn.de.w011e871.kasserver.com\/en\/services\/periodontology\/"]}]},{"@type":"ImageObject","inLanguage":"en-US","@id":"https:\/\/www.zahnarzt-bonn.de.w011e871.kasserver.com\/en\/services\/periodontology\/#primaryimage","url":"https:\/\/zahnarzt-bonn.de\/wp-content\/uploads\/C.-Honkomp.jpg","contentUrl":"https:\/\/zahnarzt-bonn.de\/wp-content\/uploads\/C.-Honkomp.jpg","width":1200,"height":795},{"@type":"BreadcrumbList","@id":"https:\/\/www.zahnarzt-bonn.de.w011e871.kasserver.com\/en\/services\/periodontology\/#breadcrumb","itemListElement":[{"@type":"ListItem","position":1,"name":"Services","item":"https:\/\/www.zahnarzt-bonn.de\/en\/services\/"},{"@type":"ListItem","position":2,"name":"Periodontology"}]},{"@type":"WebSite","@id":"https:\/\/zahnarzt-bonn.de\/#website","url":"https:\/\/zahnarzt-bonn.de\/","name":"Zahnarzt Bonn","description":"Die Praxis am Posttower","potentialAction":[{"@type":"SearchAction","target":{"@type":"EntryPoint","urlTemplate":"https:\/\/zahnarzt-bonn.de\/?s={search_term_string}"},"query-input":{"@type":"PropertyValueSpecification","valueRequired":true,"valueName":"search_term_string"}}],"inLanguage":"en-US"}]}},"_links":{"self":[{"href":"https:\/\/zahnarzt-bonn.de\/en\/wp-json\/wp\/v2\/pages\/1050","targetHints":{"allow":["GET"]}}],"collection":[{"href":"https:\/\/zahnarzt-bonn.de\/en\/wp-json\/wp\/v2\/pages"}],"about":[{"href":"https:\/\/zahnarzt-bonn.de\/en\/wp-json\/wp\/v2\/types\/page"}],"author":[{"embeddable":true,"href":"https:\/\/zahnarzt-bonn.de\/en\/wp-json\/wp\/v2\/users\/5"}],"replies":[{"embeddable":true,"href":"https:\/\/zahnarzt-bonn.de\/en\/wp-json\/wp\/v2\/comments?post=1050"}],"version-history":[{"count":4,"href":"https:\/\/zahnarzt-bonn.de\/en\/wp-json\/wp\/v2\/pages\/1050\/revisions"}],"predecessor-version":[{"id":1344,"href":"https:\/\/zahnarzt-bonn.de\/en\/wp-json\/wp\/v2\/pages\/1050\/revisions\/1344"}],"up":[{"embeddable":true,"href":"https:\/\/zahnarzt-bonn.de\/en\/wp-json\/wp\/v2\/pages\/958"}],"wp:featuredmedia":[{"embeddable":true,"href":"https:\/\/zahnarzt-bonn.de\/en\/wp-json\/wp\/v2\/media\/1240"}],"wp:attachment":[{"href":"https:\/\/zahnarzt-bonn.de\/en\/wp-json\/wp\/v2\/media?parent=1050"}],"curies":[{"name":"wp","href":"https:\/\/api.w.org\/{rel}","templated":true}]}}