{"id":1056,"date":"2017-10-12T13:13:07","date_gmt":"2017-10-12T11:13:07","guid":{"rendered":"http:\/\/www.zahnarzt-bonn.de\/?page_id=1056"},"modified":"2017-10-12T13:13:34","modified_gmt":"2017-10-12T11:13:34","slug":"dental-emergency-service","status":"publish","type":"page","link":"https:\/\/zahnarzt-bonn.de\/en\/dental-emergency-service\/","title":{"rendered":"Dental emergency Service"},"content":{"rendered":"<div class=\"wpb-content-wrapper\"><p>[vc_row el_class=&#8221;nonav&#8221;][vc_column][vc_tour][vc_tab title=&#8221;Dental emergency service&#8221; tab_id=&#8221;1382098275-1-18&#8243;][vc_column_text]<\/p>\n<h4><strong>Dental emergency service North Rhine<\/strong><\/h4>\n<p>www.kzv.de\/<\/p>\n<h4><strong>Central Emergency Number<\/strong><\/h4>\n<p class=\"p1\"><span class=\"s1\">018 05<span class=\"Apple-converted-space\">\u00a0 <\/span>98 67 00 (14 cent\/min from a German landline*)<\/span><\/p>\n<p class=\"p1\"><span class=\"s1\">Dialling this number will automatically connect you to your local emergency services department.<\/span><\/p>\n<p class=\"p1\"><span class=\"s1\">You will receive all the necessary information regarding the current emergency rota and can speak directly to the on-call dentist of your choice.<\/span><\/p>\n<p class=\"p1\"><span class=\"s1\">* Fees from mobile networks may vary according to respective provider.<\/span><\/p>\n<p>[\/vc_column_text][\/vc_tab][vc_tab title=&#8221;Financing&#8221; tab_id=&#8221;1382098275-2-69&#8243;][vc_column_text]<\/p>\n<p class=\"p1\"><span class=\"s1\">We are happy to inform you about financing options.<\/span><\/p>\n<p class=\"p1\"><span class=\"s1\">Feel free to ask us.<\/span><\/p>\n<p>[\/vc_column_text][\/vc_tab][vc_tab title=&#8221;Patient Information&#8221; tab_id=&#8221;1382099039523-3-0&#8243;][vc_column_text]<\/p>\n<p class=\"p1\"><span class=\"s1\">Bleaching \u2013 Whitening<\/span><\/p>\n<p><a href=\"http:\/\/www.praxis-am-posttower.de\/download\/infos\/de\/Bleaching_Zahnaufhellung.pdf\" target=\"_blank\" rel=\"noopener\">PDF zum Download (1,5 MB)<\/a>[\/vc_column_text][\/vc_tab][\/vc_tour][\/vc_column][\/vc_row]<\/p>\n<\/div>","protected":false},"excerpt":{"rendered":"<p>[vc_row el_class=&#8221;nonav&#8221;][vc_column][vc_tour][vc_tab title=&#8221;Dental emergency service&#8221; tab_id=&#8221;1382098275-1-18&#8243;][vc_column_text] Dental emergency service North Rhine www.kzv.de\/ Central Emergency Number <a href=\"https:\/\/zahnarzt-bonn.de\/en\/dental-emergency-service\/\">Read more<\/a><\/p>\n","protected":false},"author":5,"featured_media":1240,"parent":0,"menu_order":0,"comment_status":"closed","ping_status":"closed","template":"","meta":{"inline_featured_image":false,"footnotes":""},"class_list":["post-1056","page","type-page","status-publish","has-post-thumbnail","hentry"],"yoast_head":"<!-- This site is optimized with the Yoast SEO plugin v26.7 - https:\/\/yoast.com\/wordpress\/plugins\/seo\/ -->\n<title>Dental emergency Service - Zahnarzt Bonn<\/title>\n<meta name=\"description\" content=\"Unser Service f\u00fcr Sie: Wichtige Ansprechpartner f\u00fcr den zahn\u00e4rztlichen Notfall. Alle Rufnummern auf einen Blick.\" \/>\n<meta name=\"robots\" content=\"index, follow, max-snippet:-1, max-image-preview:large, max-video-preview:-1\" \/>\n<link rel=\"canonical\" href=\"https:\/\/zahnarzt-bonn.de\/en\/dental-emergency-service\/\" \/>\n<meta property=\"og:locale\" content=\"en_US\" \/>\n<meta property=\"og:type\" content=\"article\" \/>\n<meta property=\"og:title\" content=\"Dental emergency Service - Zahnarzt Bonn\" \/>\n<meta property=\"og:description\" content=\"Unser Service f\u00fcr Sie: Wichtige Ansprechpartner f\u00fcr den zahn\u00e4rztlichen Notfall. Alle Rufnummern auf einen Blick.\" \/>\n<meta property=\"og:url\" content=\"https:\/\/zahnarzt-bonn.de\/en\/dental-emergency-service\/\" \/>\n<meta property=\"og:site_name\" content=\"Zahnarzt Bonn\" \/>\n<meta property=\"article:modified_time\" content=\"2017-10-12T11:13:34+00:00\" \/>\n<meta property=\"og:image\" content=\"https:\/\/zahnarzt-bonn.de\/wp-content\/uploads\/C.-Honkomp.jpg\" \/>\n\t<meta property=\"og:image:width\" content=\"1200\" \/>\n\t<meta property=\"og:image:height\" content=\"795\" \/>\n\t<meta property=\"og:image:type\" content=\"image\/jpeg\" \/>\n<meta name=\"twitter:label1\" content=\"Est. reading time\" \/>\n\t<meta name=\"twitter:data1\" content=\"1 minute\" \/>\n<script type=\"application\/ld+json\" class=\"yoast-schema-graph\">{\"@context\":\"https:\/\/schema.org\",\"@graph\":[{\"@type\":\"WebPage\",\"@id\":\"https:\/\/zahnarzt-bonn.de\/en\/dental-emergency-service\/\",\"url\":\"https:\/\/zahnarzt-bonn.de\/en\/dental-emergency-service\/\",\"name\":\"Dental emergency Service - Zahnarzt Bonn\",\"isPartOf\":{\"@id\":\"https:\/\/www.zahnarzt-bonn.de.w011e871.kasserver.com\/#website\"},\"primaryImageOfPage\":{\"@id\":\"https:\/\/zahnarzt-bonn.de\/en\/dental-emergency-service\/#primaryimage\"},\"image\":{\"@id\":\"https:\/\/zahnarzt-bonn.de\/en\/dental-emergency-service\/#primaryimage\"},\"thumbnailUrl\":\"https:\/\/zahnarzt-bonn.de\/wp-content\/uploads\/C.-Honkomp.jpg\",\"datePublished\":\"2017-10-12T11:13:07+00:00\",\"dateModified\":\"2017-10-12T11:13:34+00:00\",\"description\":\"Unser Service f\u00fcr Sie: Wichtige Ansprechpartner f\u00fcr den zahn\u00e4rztlichen Notfall. Alle Rufnummern auf einen Blick.\",\"inLanguage\":\"en-US\",\"potentialAction\":[{\"@type\":\"ReadAction\",\"target\":[\"https:\/\/zahnarzt-bonn.de\/en\/dental-emergency-service\/\"]}]},{\"@type\":\"ImageObject\",\"inLanguage\":\"en-US\",\"@id\":\"https:\/\/zahnarzt-bonn.de\/en\/dental-emergency-service\/#primaryimage\",\"url\":\"https:\/\/zahnarzt-bonn.de\/wp-content\/uploads\/C.-Honkomp.jpg\",\"contentUrl\":\"https:\/\/zahnarzt-bonn.de\/wp-content\/uploads\/C.-Honkomp.jpg\",\"width\":1200,\"height\":795},{\"@type\":\"WebSite\",\"@id\":\"https:\/\/www.zahnarzt-bonn.de.w011e871.kasserver.com\/#website\",\"url\":\"https:\/\/www.zahnarzt-bonn.de.w011e871.kasserver.com\/\",\"name\":\"Zahnarzt Bonn\",\"description\":\"Die Praxis am Posttower\",\"potentialAction\":[{\"@type\":\"SearchAction\",\"target\":{\"@type\":\"EntryPoint\",\"urlTemplate\":\"https:\/\/www.zahnarzt-bonn.de.w011e871.kasserver.com\/?s={search_term_string}\"},\"query-input\":{\"@type\":\"PropertyValueSpecification\",\"valueRequired\":true,\"valueName\":\"search_term_string\"}}],\"inLanguage\":\"en-US\"}]}<\/script>\n<!-- \/ Yoast SEO plugin. -->","yoast_head_json":{"title":"Dental emergency Service - Zahnarzt Bonn","description":"Unser Service f\u00fcr Sie: Wichtige Ansprechpartner f\u00fcr den zahn\u00e4rztlichen Notfall. Alle Rufnummern auf einen Blick.","robots":{"index":"index","follow":"follow","max-snippet":"max-snippet:-1","max-image-preview":"max-image-preview:large","max-video-preview":"max-video-preview:-1"},"canonical":"https:\/\/zahnarzt-bonn.de\/en\/dental-emergency-service\/","og_locale":"en_US","og_type":"article","og_title":"Dental emergency Service - Zahnarzt Bonn","og_description":"Unser Service f\u00fcr Sie: Wichtige Ansprechpartner f\u00fcr den zahn\u00e4rztlichen Notfall. Alle Rufnummern auf einen Blick.","og_url":"https:\/\/zahnarzt-bonn.de\/en\/dental-emergency-service\/","og_site_name":"Zahnarzt Bonn","article_modified_time":"2017-10-12T11:13:34+00:00","og_image":[{"width":1200,"height":795,"url":"https:\/\/zahnarzt-bonn.de\/wp-content\/uploads\/C.-Honkomp.jpg","type":"image\/jpeg"}],"twitter_misc":{"Est. reading time":"1 minute"},"schema":{"@context":"https:\/\/schema.org","@graph":[{"@type":"WebPage","@id":"https:\/\/zahnarzt-bonn.de\/en\/dental-emergency-service\/","url":"https:\/\/zahnarzt-bonn.de\/en\/dental-emergency-service\/","name":"Dental emergency Service - Zahnarzt Bonn","isPartOf":{"@id":"https:\/\/www.zahnarzt-bonn.de.w011e871.kasserver.com\/#website"},"primaryImageOfPage":{"@id":"https:\/\/zahnarzt-bonn.de\/en\/dental-emergency-service\/#primaryimage"},"image":{"@id":"https:\/\/zahnarzt-bonn.de\/en\/dental-emergency-service\/#primaryimage"},"thumbnailUrl":"https:\/\/zahnarzt-bonn.de\/wp-content\/uploads\/C.-Honkomp.jpg","datePublished":"2017-10-12T11:13:07+00:00","dateModified":"2017-10-12T11:13:34+00:00","description":"Unser Service f\u00fcr Sie: Wichtige Ansprechpartner f\u00fcr den zahn\u00e4rztlichen Notfall. Alle Rufnummern auf einen Blick.","inLanguage":"en-US","potentialAction":[{"@type":"ReadAction","target":["https:\/\/zahnarzt-bonn.de\/en\/dental-emergency-service\/"]}]},{"@type":"ImageObject","inLanguage":"en-US","@id":"https:\/\/zahnarzt-bonn.de\/en\/dental-emergency-service\/#primaryimage","url":"https:\/\/zahnarzt-bonn.de\/wp-content\/uploads\/C.-Honkomp.jpg","contentUrl":"https:\/\/zahnarzt-bonn.de\/wp-content\/uploads\/C.-Honkomp.jpg","width":1200,"height":795},{"@type":"WebSite","@id":"https:\/\/www.zahnarzt-bonn.de.w011e871.kasserver.com\/#website","url":"https:\/\/www.zahnarzt-bonn.de.w011e871.kasserver.com\/","name":"Zahnarzt Bonn","description":"Die Praxis am Posttower","potentialAction":[{"@type":"SearchAction","target":{"@type":"EntryPoint","urlTemplate":"https:\/\/www.zahnarzt-bonn.de.w011e871.kasserver.com\/?s={search_term_string}"},"query-input":{"@type":"PropertyValueSpecification","valueRequired":true,"valueName":"search_term_string"}}],"inLanguage":"en-US"}]}},"_links":{"self":[{"href":"https:\/\/zahnarzt-bonn.de\/en\/wp-json\/wp\/v2\/pages\/1056","targetHints":{"allow":["GET"]}}],"collection":[{"href":"https:\/\/zahnarzt-bonn.de\/en\/wp-json\/wp\/v2\/pages"}],"about":[{"href":"https:\/\/zahnarzt-bonn.de\/en\/wp-json\/wp\/v2\/types\/page"}],"author":[{"embeddable":true,"href":"https:\/\/zahnarzt-bonn.de\/en\/wp-json\/wp\/v2\/users\/5"}],"replies":[{"embeddable":true,"href":"https:\/\/zahnarzt-bonn.de\/en\/wp-json\/wp\/v2\/comments?post=1056"}],"version-history":[{"count":7,"href":"https:\/\/zahnarzt-bonn.de\/en\/wp-json\/wp\/v2\/pages\/1056\/revisions"}],"predecessor-version":[{"id":1237,"href":"https:\/\/zahnarzt-bonn.de\/en\/wp-json\/wp\/v2\/pages\/1056\/revisions\/1237"}],"wp:featuredmedia":[{"embeddable":true,"href":"https:\/\/zahnarzt-bonn.de\/en\/wp-json\/wp\/v2\/media\/1240"}],"wp:attachment":[{"href":"https:\/\/zahnarzt-bonn.de\/en\/wp-json\/wp\/v2\/media?parent=1056"}],"curies":[{"name":"wp","href":"https:\/\/api.w.org\/{rel}","templated":true}]}}