{"id":954,"date":"2017-10-12T14:10:31","date_gmt":"2017-10-12T12:10:31","guid":{"rendered":"http:\/\/zahnarzt-bonn.de\/?page_id=954"},"modified":"2019-06-10T17:20:12","modified_gmt":"2019-06-10T15:20:12","slug":"impressum","status":"publish","type":"page","link":"https:\/\/zahnarzt-bonn.de\/en\/impressum\/","title":{"rendered":"Imprint"},"content":{"rendered":"<div class=\"wpb-content-wrapper\"><p>[vc_row][vc_column][vc_column_text]Anbieterkennzeichnung gem\u00e4\u00df \u00a75 Telemediengesetz (TMG)<\/p>\n<p style=\"padding-left: 30px;\"><strong>Dental Practice<\/strong> <strong>Dr. Claudia Honkomp M.Sc.<\/strong><\/p>\n<p style=\"padding-left: 30px;\">Kurt-Schumacher-Str. 4 53113 Bonn<\/p>\n<p style=\"padding-left: 30px;\">Phone: 0228 92 68 34 99 Fax: 0228 92 68 35 09<\/p>\n<p style=\"padding-left: 30px;\">Email: info [at] praxis-am-posttower.de Webseite: www.praxis-am-posttower.de<\/p>\n<p style=\"padding-left: 30px;\">All insurance companies<\/p>\n<p style=\"padding-left: 30px;\">Tax reference number: 205\/5128\/2409<\/p>\n<p><strong>Competent dental association:<\/strong><\/p>\n<p style=\"padding-left: 30px;\">Zahn\u00e4rztekammer Nordrhein K\u00f6rperschaft des \u00f6ffentlichen Rechts<\/p>\n<p style=\"padding-left: 30px;\">Emanuel-Leutze-Str. 8 40547 D\u00fcsseldorf<\/p>\n<p style=\"padding-left: 30px;\">Phone.: 0211\/526050 Fax: 0211\/52605-21 info@zaek-nr.de<\/p>\n<p><strong>Applicable professional regulations:<\/strong><\/p>\n<p style=\"padding-left: 30px;\">&#8211; Zahnheilkundegesetz &#8211; Berufsordnung f\u00fcr Zahn\u00e4rzte &#8211; Zulassungsverordnung f\u00fcr Vertragszahn\u00e4rzte &#8211; Geb\u00fchrenordnung f\u00fcr Zahn\u00e4rzte (GOZ)<\/p>\n<p style=\"padding-left: 30px;\">These regulations can be downloaded from the website of the\u00a0 Zahn\u00e4rztekammer Nordrhein (www.zaek-nr.de) or from the following website: www.kzv.de<\/p>\n<p><strong>Supervisory authority:<\/strong><\/p>\n<p style=\"padding-left: 30px;\">Ministry of Health, Equalities, Care and Ageing (MGEPA) of the State of North Rhine-Westphalia,\u00a0 F\u00fcrstenwall 25, 40219 D\u00fcsseldorf<\/p>\n<p><strong>Professional title:<\/strong><\/p>\n<p style=\"padding-left: 30px;\">Dr. med. dent. Claudia Honkomp M.Sc. Zahn\u00e4rztin (obtained in the Federal Republic of Germany)<\/p>\n<p><strong><b>Responsible for content pursuant to<\/b><b> s<\/b><b>ect<\/b><b>ion 5<\/b><b>5 <\/b>paragraph 2 RStV:<\/strong><\/p>\n<p style=\"padding-left: 30px;\">Dr. med. dent. Claudia Honkomp M.Sc., Kurt-Schumacher-Str. 4, 53113 Bonn<\/p>\n<p style=\"padding-left: 30px;\">Despite thorough control, we do not assume any liability for the content of external links. Responsibility for the content of external websites rests solely with the operators of those websites. We decline any responsibility for the completeness, correctness or quality of the information presented on those websites, nor are we to be held responsible if such information is not up-to-date. This website is not intended to replace comprehensive individual consulting!<\/p>\n<p style=\"padding-left: 30px;\">All brands named\u00a0 on our website are subject without restriction to the provisions of the applicable brand and\/or trademark laws and to the registered proprietor&#8217;s right to possession<\/p>\n<p style=\"padding-left: 30px;\">All visuals and texts presented on this website are subject to copyright. The reproduction or use of this website in other media, irrespective of their nature, is subject to prior express written consent.<\/p>\n<p>\u00a9 Dr. Claudia Honkomp M.Sc., 2009 &#8211; 2014[\/vc_column_text][\/vc_column][\/vc_row]<\/p>\n<\/div>","protected":false},"excerpt":{"rendered":"<p>[vc_row][vc_column][vc_column_text]Anbieterkennzeichnung gem\u00e4\u00df \u00a75 Telemediengesetz (TMG) Dental Practice Dr. Claudia Honkomp M.Sc. Kurt-Schumacher-Str. 4 53113 Bonn <a href=\"https:\/\/zahnarzt-bonn.de\/en\/impressum\/\">Read more<\/a><\/p>\n","protected":false},"author":2,"featured_media":0,"parent":0,"menu_order":0,"comment_status":"closed","ping_status":"closed","template":"template-full-width.php","meta":{"inline_featured_image":false,"footnotes":""},"class_list":["post-954","page","type-page","status-publish","hentry"],"yoast_head":"<!-- This site is optimized with the Yoast SEO plugin v26.7 - https:\/\/yoast.com\/wordpress\/plugins\/seo\/ -->\n<title>Imprint - Zahnarzt Bonn<\/title>\n<meta name=\"description\" content=\"Our imprint gives you an overview of the professional rules and regulations governing the work of our dental practice.\" \/>\n<meta name=\"robots\" content=\"index, follow, max-snippet:-1, max-image-preview:large, max-video-preview:-1\" \/>\n<link rel=\"canonical\" href=\"https:\/\/www.zahnarzt-bonn.de\/en\/impressum\/\" \/>\n<meta property=\"og:locale\" content=\"en_US\" \/>\n<meta property=\"og:type\" content=\"article\" \/>\n<meta property=\"og:title\" content=\"Imprint - Zahnarzt Bonn\" \/>\n<meta property=\"og:description\" content=\"Our imprint gives you an overview of the professional rules and regulations governing the work of our dental practice.\" \/>\n<meta property=\"og:url\" content=\"https:\/\/www.zahnarzt-bonn.de\/en\/impressum\/\" \/>\n<meta property=\"og:site_name\" content=\"Zahnarzt Bonn\" \/>\n<meta property=\"article:modified_time\" content=\"2019-06-10T15:20:12+00:00\" \/>\n<meta name=\"twitter:label1\" content=\"Est. reading time\" \/>\n\t<meta name=\"twitter:data1\" content=\"2 minutes\" \/>\n<script type=\"application\/ld+json\" class=\"yoast-schema-graph\">{\"@context\":\"https:\/\/schema.org\",\"@graph\":[{\"@type\":\"WebPage\",\"@id\":\"https:\/\/www.zahnarzt-bonn.de\/en\/impressum\/\",\"url\":\"https:\/\/www.zahnarzt-bonn.de\/en\/impressum\/\",\"name\":\"Imprint - Zahnarzt Bonn\",\"isPartOf\":{\"@id\":\"https:\/\/www.zahnarzt-bonn.de.w011e871.kasserver.com\/en\/#website\"},\"datePublished\":\"2017-10-12T12:10:31+00:00\",\"dateModified\":\"2019-06-10T15:20:12+00:00\",\"description\":\"Our imprint gives you an overview of the professional rules and regulations governing the work of our dental practice.\",\"inLanguage\":\"en-US\",\"potentialAction\":[{\"@type\":\"ReadAction\",\"target\":[\"https:\/\/www.zahnarzt-bonn.de\/en\/impressum\/\"]}]},{\"@type\":\"WebSite\",\"@id\":\"https:\/\/www.zahnarzt-bonn.de.w011e871.kasserver.com\/en\/#website\",\"url\":\"https:\/\/www.zahnarzt-bonn.de.w011e871.kasserver.com\/en\/\",\"name\":\"Zahnarzt Bonn\",\"description\":\"Die Praxis am Posttower\",\"potentialAction\":[{\"@type\":\"SearchAction\",\"target\":{\"@type\":\"EntryPoint\",\"urlTemplate\":\"https:\/\/www.zahnarzt-bonn.de.w011e871.kasserver.com\/en\/?s={search_term_string}\"},\"query-input\":{\"@type\":\"PropertyValueSpecification\",\"valueRequired\":true,\"valueName\":\"search_term_string\"}}],\"inLanguage\":\"en-US\"}]}<\/script>\n<!-- \/ Yoast SEO plugin. -->","yoast_head_json":{"title":"Imprint - Zahnarzt Bonn","description":"Our imprint gives you an overview of the professional rules and regulations governing the work of our dental practice.","robots":{"index":"index","follow":"follow","max-snippet":"max-snippet:-1","max-image-preview":"max-image-preview:large","max-video-preview":"max-video-preview:-1"},"canonical":"https:\/\/www.zahnarzt-bonn.de\/en\/impressum\/","og_locale":"en_US","og_type":"article","og_title":"Imprint - Zahnarzt Bonn","og_description":"Our imprint gives you an overview of the professional rules and regulations governing the work of our dental practice.","og_url":"https:\/\/www.zahnarzt-bonn.de\/en\/impressum\/","og_site_name":"Zahnarzt Bonn","article_modified_time":"2019-06-10T15:20:12+00:00","twitter_misc":{"Est. reading time":"2 minutes"},"schema":{"@context":"https:\/\/schema.org","@graph":[{"@type":"WebPage","@id":"https:\/\/www.zahnarzt-bonn.de\/en\/impressum\/","url":"https:\/\/www.zahnarzt-bonn.de\/en\/impressum\/","name":"Imprint - Zahnarzt Bonn","isPartOf":{"@id":"https:\/\/www.zahnarzt-bonn.de.w011e871.kasserver.com\/en\/#website"},"datePublished":"2017-10-12T12:10:31+00:00","dateModified":"2019-06-10T15:20:12+00:00","description":"Our imprint gives you an overview of the professional rules and regulations governing the work of our dental practice.","inLanguage":"en-US","potentialAction":[{"@type":"ReadAction","target":["https:\/\/www.zahnarzt-bonn.de\/en\/impressum\/"]}]},{"@type":"WebSite","@id":"https:\/\/www.zahnarzt-bonn.de.w011e871.kasserver.com\/en\/#website","url":"https:\/\/www.zahnarzt-bonn.de.w011e871.kasserver.com\/en\/","name":"Zahnarzt Bonn","description":"Die Praxis am Posttower","potentialAction":[{"@type":"SearchAction","target":{"@type":"EntryPoint","urlTemplate":"https:\/\/www.zahnarzt-bonn.de.w011e871.kasserver.com\/en\/?s={search_term_string}"},"query-input":{"@type":"PropertyValueSpecification","valueRequired":true,"valueName":"search_term_string"}}],"inLanguage":"en-US"}]}},"_links":{"self":[{"href":"https:\/\/zahnarzt-bonn.de\/en\/wp-json\/wp\/v2\/pages\/954","targetHints":{"allow":["GET"]}}],"collection":[{"href":"https:\/\/zahnarzt-bonn.de\/en\/wp-json\/wp\/v2\/pages"}],"about":[{"href":"https:\/\/zahnarzt-bonn.de\/en\/wp-json\/wp\/v2\/types\/page"}],"author":[{"embeddable":true,"href":"https:\/\/zahnarzt-bonn.de\/en\/wp-json\/wp\/v2\/users\/2"}],"replies":[{"embeddable":true,"href":"https:\/\/zahnarzt-bonn.de\/en\/wp-json\/wp\/v2\/comments?post=954"}],"version-history":[{"count":4,"href":"https:\/\/zahnarzt-bonn.de\/en\/wp-json\/wp\/v2\/pages\/954\/revisions"}],"predecessor-version":[{"id":1594,"href":"https:\/\/zahnarzt-bonn.de\/en\/wp-json\/wp\/v2\/pages\/954\/revisions\/1594"}],"wp:attachment":[{"href":"https:\/\/zahnarzt-bonn.de\/en\/wp-json\/wp\/v2\/media?parent=954"}],"curies":[{"name":"wp","href":"https:\/\/api.w.org\/{rel}","templated":true}]}}